{"id":75435,"date":"2017-08-02T13:08:41","date_gmt":"2017-08-02T11:08:41","guid":{"rendered":"http:\/\/www.skenderbeu.rs\/site\/?page_id=75435"},"modified":"2023-06-02T16:02:34","modified_gmt":"2023-06-02T14:02:34","slug":"dokumenti","status":"publish","type":"page","link":"http:\/\/www.skenderbeu.rs\/site\/dokumenti\/","title":{"rendered":"Dokumenti"},"content":{"rendered":"<p><span style=\"color: #ffffff;\">PDF DOKUMENTA<\/span><strong><span style=\"color: #800080;\"><a href=\"http:\/\/www.skenderbeu.rs\/site\/wp-content\/uploads\/Zastita-brenda.pdf\"><br \/>\n<\/a><\/span><\/strong><strong><a href=\"http:\/\/www.skenderbeu.rs\/site\/wp-content\/uploads\/72125.pdf\">Za\u0161tita brenda 72125<\/a><\/strong><strong><span style=\"color: #800080;\"><span style=\"color: #ffffff;\"><br \/>\n<a href=\"http:\/\/www.skenderbeu.rs\/site\/wp-content\/uploads\/brend2.pdf\">Za\u0161tita brenda 72126<\/a><\/span><\/span><\/strong><br \/>\n<strong><a href=\"http:\/\/www.skenderbeu.rs\/site\/wp-content\/uploads\/721262.pdf\">Za\u0161tita brenda 72126\/2<\/a><\/strong><br \/>\n<strong><a href=\"http:\/\/www.skenderbeu.rs\/site\/wp-content\/uploads\/721263.pdf\">Za\u0161tita brenda 72126\/3<\/a><\/strong><\/p>\n<p>&nbsp;<\/p>\n<p><strong><br \/>\n<\/strong>\u010clanci u novinama o nama<strong><br \/>\n<a href=\"http:\/\/www.skenderbeu.rs\/site\/wp-content\/uploads\/VREME-No.-867.pdf\">\u010casopis Vreme 1<\/a><br \/>\n<a href=\"http:\/\/www.skenderbeu.rs\/site\/wp-content\/uploads\/VREME-No.-863.pdf\">\u010casopis Vreme 2<\/a><br \/>\n<a href=\"https:\/\/www.glassumadije.rs\/dve-medalje-za-skenderbeg-brendi-na-sajmu-u-novom-sadu\/\">\u010casopis Glas \u0160umadije<\/a><br \/>\n<a href=\"https:\/\/ucentar.rs\/2023\/06\/02\/dve-medalje-za-skenderbeg-brendi-na-sajmu-u-novom-sadu\/\">Portal U Centar<\/a><br \/>\n<\/strong><\/p>\n","protected":false},"excerpt":{"rendered":"<p>PDF DOKUMENTA Za\u0161tita brenda 72125 Za\u0161tita brenda 72126 Za\u0161tita brenda 72126\/2 Za\u0161tita brenda 72126\/3 &nbsp; \u010clanci u novinama o nama \u010casopis Vreme 1 \u010casopis Vreme 2 \u010casopis Glas \u0160umadije Portal U Centar<\/p>\n","protected":false},"author":1,"featured_media":0,"parent":0,"menu_order":0,"comment_status":"closed","ping_status":"closed","template":"","meta":[],"_links":{"self":[{"href":"http:\/\/www.skenderbeu.rs\/site\/wp-json\/wp\/v2\/pages\/75435"}],"collection":[{"href":"http:\/\/www.skenderbeu.rs\/site\/wp-json\/wp\/v2\/pages"}],"about":[{"href":"http:\/\/www.skenderbeu.rs\/site\/wp-json\/wp\/v2\/types\/page"}],"author":[{"embeddable":true,"href":"http:\/\/www.skenderbeu.rs\/site\/wp-json\/wp\/v2\/users\/1"}],"replies":[{"embeddable":true,"href":"http:\/\/www.skenderbeu.rs\/site\/wp-json\/wp\/v2\/comments?post=75435"}],"version-history":[{"count":21,"href":"http:\/\/www.skenderbeu.rs\/site\/wp-json\/wp\/v2\/pages\/75435\/revisions"}],"predecessor-version":[{"id":75698,"href":"http:\/\/www.skenderbeu.rs\/site\/wp-json\/wp\/v2\/pages\/75435\/revisions\/75698"}],"wp:attachment":[{"href":"http:\/\/www.skenderbeu.rs\/site\/wp-json\/wp\/v2\/media?parent=75435"}],"curies":[{"name":"wp","href":"https:\/\/api.w.org\/{rel}","templated":true}]}}