{"id":75289,"date":"2017-06-05T21:42:41","date_gmt":"2017-06-05T19:42:41","guid":{"rendered":"http:\/\/www.skenderbeu.rs\/site\/?page_id=75289"},"modified":"2017-06-11T23:02:37","modified_gmt":"2017-06-11T21:02:37","slug":"poreklo","status":"publish","type":"page","link":"http:\/\/www.skenderbeu.rs\/site\/poreklo\/","title":{"rendered":"IZRADA"},"content":{"rendered":"<p>[vc_row css=&#8221;.vc_custom_1496761327241{background-image: url(http:\/\/www.skenderbeu.rs\/site\/wp-content\/uploads\/pozadina.jpg?id=75317) !important;}&#8221;][vc_column css_animation=&#8221;fadeInRight&#8221; width=&#8221;2\/3&#8243;][vc_column_text css_animation=&#8221;fadeInLeft&#8221;]<\/p>\n<p style=\"text-align: left;\"><img decoding=\"async\" loading=\"lazy\" class=\"aligncenter wp-image-75328\" src=\"http:\/\/www.skenderbeu.rs\/site\/wp-content\/uploads\/logo-big-300x73.png\" alt=\"\" width=\"600\" height=\"147\" srcset=\"http:\/\/www.skenderbeu.rs\/site\/wp-content\/uploads\/logo-big-300x73.png 300w, http:\/\/www.skenderbeu.rs\/site\/wp-content\/uploads\/logo-big-768x188.png 768w, http:\/\/www.skenderbeu.rs\/site\/wp-content\/uploads\/logo-big.png 802w\" sizes=\"(max-width: 600px) 100vw, 600px\" \/><\/p>\n<div align=\"justify\">Konjak Skenderbeg je pi\u0107e dobijeno od alkohola zrelog gro\u017e\u0111a. Kada gro\u017e\u0111e sazri podle\u017ee procesu fermentacije na kontrolisanoj temperaturi, od \u010dega dobijamo vino odre\u0111enih karakteristika. Vino se zatim preme\u0161ta u bakarne posude, gde se vr\u0161i destilacija\u00a0dok ne postane kristalno bistar alkohol vrhunskog kvaliteta.\u00a0Ovako dobijen alkohol stari tri godine u hrastovim buradima,\u00a0odakle se i dobija jedinstvena aroma za ovaj izuzetan konjak.<\/div>\n<p>[\/vc_column_text][vc_btn title=&#8221;Promo flayer 1&#8243; color=&#8221;mulled-wine&#8221; size=&#8221;sm&#8221; i_icon_fontawesome=&#8221;fa fa-download&#8221; css_animation=&#8221;fadeIn&#8221; add_icon=&#8221;true&#8221; link=&#8221;url:http%3A%2F%2Fwww.skenderbeu.rs%2Fsite%2Fwp-content%2Fuploads%2FFlayer1.pdf|||&#8221;][vc_btn title=&#8221;Promo flayer 2&#8243; color=&#8221;mulled-wine&#8221; size=&#8221;sm&#8221; i_icon_fontawesome=&#8221;fa fa-download&#8221; css_animation=&#8221;fadeIn&#8221; add_icon=&#8221;true&#8221; link=&#8221;url:http%3A%2F%2Fwww.skenderbeu.rs%2Fsite%2Fwp-content%2Fuploads%2FFlayer2.pdf|||&#8221;][vc_empty_space][\/vc_column][vc_column width=&#8221;1\/3&#8243;][vc_row_inner][vc_column_inner][vc_empty_space height=&#8221;290px&#8221;][\/vc_column_inner][vc_column_inner][\/vc_column_inner][\/vc_row_inner][\/vc_column][\/vc_row]<\/p>\n","protected":false},"excerpt":{"rendered":"<p>[vc_row css=&#8221;.vc_custom_1496761327241{background-image: url(http:\/\/www.skenderbeu.rs\/site\/wp-content\/uploads\/pozadina.jpg?id=75317) !important;}&#8221;][vc_column css_animation=&#8221;fadeInRight&#8221; width=&#8221;2\/3&#8243;][vc_column_text css_animation=&#8221;fadeInLeft&#8221;] Konjak Skenderbeg je pi\u0107e dobijeno od alkohola zrelog gro\u017e\u0111a. Kada gro\u017e\u0111e sazri podle\u017ee procesu fermentacije na kontrolisanoj temperaturi, od \u010dega dobijamo vino odre\u0111enih karakteristika. Vino se zatim preme\u0161ta u bakarne posude, gde se vr\u0161i destilacija\u00a0dok ne postane kristalno bistar alkohol vrhunskog kvaliteta.\u00a0Ovako dobijen alkohol stari tri godine u<\/p>\n","protected":false},"author":1,"featured_media":0,"parent":0,"menu_order":0,"comment_status":"closed","ping_status":"closed","template":"","meta":[],"_links":{"self":[{"href":"http:\/\/www.skenderbeu.rs\/site\/wp-json\/wp\/v2\/pages\/75289"}],"collection":[{"href":"http:\/\/www.skenderbeu.rs\/site\/wp-json\/wp\/v2\/pages"}],"about":[{"href":"http:\/\/www.skenderbeu.rs\/site\/wp-json\/wp\/v2\/types\/page"}],"author":[{"embeddable":true,"href":"http:\/\/www.skenderbeu.rs\/site\/wp-json\/wp\/v2\/users\/1"}],"replies":[{"embeddable":true,"href":"http:\/\/www.skenderbeu.rs\/site\/wp-json\/wp\/v2\/comments?post=75289"}],"version-history":[{"count":39,"href":"http:\/\/www.skenderbeu.rs\/site\/wp-json\/wp\/v2\/pages\/75289\/revisions"}],"predecessor-version":[{"id":75423,"href":"http:\/\/www.skenderbeu.rs\/site\/wp-json\/wp\/v2\/pages\/75289\/revisions\/75423"}],"wp:attachment":[{"href":"http:\/\/www.skenderbeu.rs\/site\/wp-json\/wp\/v2\/media?parent=75289"}],"curies":[{"name":"wp","href":"https:\/\/api.w.org\/{rel}","templated":true}]}}