{"id":75284,"date":"2017-06-05T21:41:30","date_gmt":"2017-06-05T19:41:30","guid":{"rendered":"http:\/\/www.skenderbeu.rs\/site\/?page_id=75284"},"modified":"2022-09-16T09:14:54","modified_gmt":"2022-09-16T07:14:54","slug":"o-konjaku","status":"publish","type":"page","link":"http:\/\/www.skenderbeu.rs\/site\/o-konjaku\/","title":{"rendered":"O konjaku"},"content":{"rendered":"<p>[vc_row][vc_column][vc_column_text css_animation=&#8221;fadeInUp&#8221;]<\/p>\n<h3 style=\"text-align: center;\"><strong>Najcenjenije alkoholno pi\u0107e sa ovih prostora<\/strong><\/h3>\n<p>[\/vc_column_text][\/vc_column][\/vc_row][vc_row][vc_column width=&#8221;1\/2&#8243;][vc_column_text css_animation=&#8221;fadeInRight&#8221;]<\/p>\n<h5>Konjak Skenderbeg je pi\u0107e dobijeno od alkohola zrelog gro\u017e\u0111a.<br \/>\n<a href=\"http:\/\/www.skenderbeu.rs\/site\/wp-content\/uploads\/proizveden.png\"><img decoding=\"async\" loading=\"lazy\" class=\"alignnone size-full wp-image-75344\" src=\"http:\/\/www.skenderbeu.rs\/site\/wp-content\/uploads\/proizveden.png\" alt=\"\" width=\"410\" height=\"66\" srcset=\"http:\/\/www.skenderbeu.rs\/site\/wp-content\/uploads\/proizveden.png 410w, http:\/\/www.skenderbeu.rs\/site\/wp-content\/uploads\/proizveden-300x48.png 300w\" sizes=\"(max-width: 410px) 100vw, 410px\" \/><\/a><\/h5>\n<p>[\/vc_column_text][vc_separator color=&#8221;mulled_wine&#8221; el_width=&#8221;60&#8243; css_animation=&#8221;fadeInLeft&#8221;][vc_column_text css_animation=&#8221;fadeInUp&#8221;]<\/p>\n<div align=\"justify\"><em>Sada se ponovo pojavljuje na tr\u017ei\u0161u ali ovoga puta kao brend poznat samo starijim generacijama, koje ga se rado se\u0107aju.<\/em><\/div>\n<p>[\/vc_column_text][\/vc_column][vc_column width=&#8221;1\/2&#8243;][vc_single_image image=&#8221;75610&#8243; img_size=&#8221;full&#8221; alignment=&#8221;center&#8221; css_animation=&#8221;fadeInRight&#8221;][\/vc_column][\/vc_row][vc_row][vc_column][\/vc_column][\/vc_row]<\/p>\n","protected":false},"excerpt":{"rendered":"<p>[vc_row][vc_column][vc_column_text css_animation=&#8221;fadeInUp&#8221;] Najcenjenije alkoholno pi\u0107e sa ovih prostora [\/vc_column_text][\/vc_column][\/vc_row][vc_row][vc_column width=&#8221;1\/2&#8243;][vc_column_text css_animation=&#8221;fadeInRight&#8221;] Konjak Skenderbeg je pi\u0107e dobijeno od alkohola zrelog gro\u017e\u0111a. [\/vc_column_text][vc_separator color=&#8221;mulled_wine&#8221; el_width=&#8221;60&#8243; css_animation=&#8221;fadeInLeft&#8221;][vc_column_text css_animation=&#8221;fadeInUp&#8221;] Sada se ponovo pojavljuje na tr\u017ei\u0161u ali ovoga puta kao brend poznat samo starijim generacijama, koje ga se rado se\u0107aju. [\/vc_column_text][\/vc_column][vc_column width=&#8221;1\/2&#8243;][vc_single_image image=&#8221;75610&#8243; img_size=&#8221;full&#8221; alignment=&#8221;center&#8221; css_animation=&#8221;fadeInRight&#8221;][\/vc_column][\/vc_row][vc_row][vc_column][\/vc_column][\/vc_row]<\/p>\n","protected":false},"author":1,"featured_media":0,"parent":0,"menu_order":0,"comment_status":"closed","ping_status":"closed","template":"","meta":[],"_links":{"self":[{"href":"http:\/\/www.skenderbeu.rs\/site\/wp-json\/wp\/v2\/pages\/75284"}],"collection":[{"href":"http:\/\/www.skenderbeu.rs\/site\/wp-json\/wp\/v2\/pages"}],"about":[{"href":"http:\/\/www.skenderbeu.rs\/site\/wp-json\/wp\/v2\/types\/page"}],"author":[{"embeddable":true,"href":"http:\/\/www.skenderbeu.rs\/site\/wp-json\/wp\/v2\/users\/1"}],"replies":[{"embeddable":true,"href":"http:\/\/www.skenderbeu.rs\/site\/wp-json\/wp\/v2\/comments?post=75284"}],"version-history":[{"count":36,"href":"http:\/\/www.skenderbeu.rs\/site\/wp-json\/wp\/v2\/pages\/75284\/revisions"}],"predecessor-version":[{"id":75611,"href":"http:\/\/www.skenderbeu.rs\/site\/wp-json\/wp\/v2\/pages\/75284\/revisions\/75611"}],"wp:attachment":[{"href":"http:\/\/www.skenderbeu.rs\/site\/wp-json\/wp\/v2\/media?parent=75284"}],"curies":[{"name":"wp","href":"https:\/\/api.w.org\/{rel}","templated":true}]}}